{"id":639,"date":"2020-06-25T13:24:43","date_gmt":"2020-06-25T10:24:43","guid":{"rendered":"http:\/\/www.temizogluhukuk.com\/?page_id=639"},"modified":"2020-06-25T13:24:44","modified_gmt":"2020-06-25T10:24:44","slug":"ticaret-hukuku","status":"publish","type":"page","link":"https:\/\/www.temizogluhukuk.com\/?page_id=639","title":{"rendered":"Ticaret Hukuku"},"content":{"rendered":"\n<p>Yerli ve yabanc\u0131 \u015firketler ve gruplara, stratejik ve finansal yat\u0131r\u0131mc\u0131lara, fonlara ve T\u00fcrkiye\u2019de yat\u0131r\u0131m yapmak isteyen yabanc\u0131 ki\u015fi veya kurulu\u015flara \u015firketler hukuku ve ticaret hukuku alan\u0131nda dan\u0131\u015fmanl\u0131k hizmetleri vermekteyiz. Bu kapsamda, m\u00fcvekkillerimizin T\u00fcrkiye\u2019de i\u015ftiraklerinin a\u00e7\u0131lmas\u0131, yabanc\u0131 ve\/veya T\u00fcrk ortaklarla ortak giri\u015fim (joint venture) kurulmas\u0131, yabanc\u0131 \u015firketlerin \u015fube ve irtibat b\u00fcrolar\u0131n\u0131n kurulmas\u0131 ve T\u00fcrk ve yabanc\u0131 \u015firketler aras\u0131nda acental\u0131k, distrib\u00fct\u00f6rl\u00fck ve i\u015f ortakl\u0131\u011f\u0131 s\u00f6zle\u015fmelerinin imzalanmas\u0131 konular\u0131nda hizmet vermekteyiz.<\/p>\n\n\n\n<p>\u00d6zellikle, perakendecilik, hizmet tedariki, ileti\u015fim, bili\u015fim, teknoloji, e-ticaret, turizm ve e\u011flence sekt\u00f6r\u00fc, franchise ve da\u011f\u0131t\u0131m sistemleri, \u00fcretim ve imalat, medya, sa\u011fl\u0131k ve t\u0131bbi malzeme, petrol ve gaz, gayrimenkul geli\u015ftirme ve gayrimenkul y\u00f6netimi gibi \u00e7ok farkl\u0131 alanlarda dan\u0131\u015fmanl\u0131k hizmetleri vermekteyiz. Avukatlar\u0131m\u0131z bu alanlarda, sekt\u00f6rel mevzuata uyum, s\u00f6zle\u015fme taslaklar\u0131n\u0131n haz\u0131rlanmas\u0131 ve s\u00f6zle\u015fme m\u00fczakerelerinin g\u00f6t\u00fcr\u00fclmesi dahil m\u00fcvekkillerine her t\u00fcrl\u00fc konuda dan\u0131\u015fmanl\u0131k hizmeti vermektedirler.<\/p>\n","protected":false},"excerpt":{"rendered":"<p>Yerli ve yabanc\u0131 \u015firketler ve gruplara, stratejik ve finansal yat\u0131r\u0131mc\u0131lara, fonlara ve T\u00fcrkiye\u2019de yat\u0131r\u0131m yapmak isteyen yabanc\u0131 ki\u015fi veya kurulu\u015flara \u015firketler hukuku ve ticaret hukuku alan\u0131nda dan\u0131\u015fmanl\u0131k hizmetleri vermekteyiz. Bu kapsamda, m\u00fcvekkillerimizin T\u00fcrkiye\u2019de i\u015ftiraklerinin a\u00e7\u0131lmas\u0131, yabanc\u0131 ve\/veya T\u00fcrk ortaklarla ortak giri\u015fim (joint venture) kurulmas\u0131, yabanc\u0131 \u015firketlerin \u015fube ve irtibat b\u00fcrolar\u0131n\u0131n kurulmas\u0131 ve T\u00fcrk ve yabanc\u0131 [&hellip;]<\/p>\n","protected":false},"author":1,"featured_media":0,"parent":0,"menu_order":0,"comment_status":"closed","ping_status":"closed","template":"","meta":{"footnotes":""},"class_list":["post-639","page","type-page","status-publish","hentry"],"_links":{"self":[{"href":"https:\/\/www.temizogluhukuk.com\/index.php?rest_route=\/wp\/v2\/pages\/639","targetHints":{"allow":["GET"]}}],"collection":[{"href":"https:\/\/www.temizogluhukuk.com\/index.php?rest_route=\/wp\/v2\/pages"}],"about":[{"href":"https:\/\/www.temizogluhukuk.com\/index.php?rest_route=\/wp\/v2\/types\/page"}],"author":[{"embeddable":true,"href":"https:\/\/www.temizogluhukuk.com\/index.php?rest_route=\/wp\/v2\/users\/1"}],"replies":[{"embeddable":true,"href":"https:\/\/www.temizogluhukuk.com\/index.php?rest_route=%2Fwp%2Fv2%2Fcomments&post=639"}],"version-history":[{"count":1,"href":"https:\/\/www.temizogluhukuk.com\/index.php?rest_route=\/wp\/v2\/pages\/639\/revisions"}],"predecessor-version":[{"id":640,"href":"https:\/\/www.temizogluhukuk.com\/index.php?rest_route=\/wp\/v2\/pages\/639\/revisions\/640"}],"wp:attachment":[{"href":"https:\/\/www.temizogluhukuk.com\/index.php?rest_route=%2Fwp%2Fv2%2Fmedia&parent=639"}],"curies":[{"name":"wp","href":"https:\/\/api.w.org\/{rel}","templated":true}]}}