{"id":637,"date":"2020-06-25T13:18:26","date_gmt":"2020-06-25T10:18:26","guid":{"rendered":"http:\/\/www.temizogluhukuk.com\/?page_id=637"},"modified":"2020-06-25T13:18:26","modified_gmt":"2020-06-25T10:18:26","slug":"ceza-hukuku","status":"publish","type":"page","link":"https:\/\/www.temizogluhukuk.com\/?page_id=637","title":{"rendered":"Ceza Hukuku"},"content":{"rendered":"\n<p><strong>Temizo\u011flu Hukuk B\u00fcrosu<\/strong>; 5237 say\u0131l\u0131 T\u00fcrk Ceza Kanunu ve di\u011fer mevzuatlarda yer alan su\u00e7lar kapsam\u0131nda, soru\u015fturma ve kovu\u015fturma evrelerinin her a\u015famas\u0131nda \u015f\u00fcpheli\/san\u0131klar i\u00e7in m\u00fcdafilik, m\u00fc\u015fteki\/kat\u0131lanlar i\u00e7in vekillik hizmeti vermekle birlikte, ilk derece mahkemesi ve Yarg\u0131tay nezdinde g\u00f6r\u00fclen davalarda savunman\u0131n haz\u0131rlanmas\u0131 ve duru\u015fmalarda haz\u0131r bulunulmas\u0131 y\u00f6n\u00fcnden takibini titizlikle sa\u011flamaktad\u0131r. Bunlar\u0131n yan\u0131nda Ceza Hukuku\u2019na ili\u015fkin her t\u00fcrl\u00fc konuda da dan\u0131\u015fmanl\u0131k hizmeti sunmaktad\u0131r. <\/p>\n","protected":false},"excerpt":{"rendered":"<p>Temizo\u011flu Hukuk B\u00fcrosu; 5237 say\u0131l\u0131 T\u00fcrk Ceza Kanunu ve di\u011fer mevzuatlarda yer alan su\u00e7lar kapsam\u0131nda, soru\u015fturma ve kovu\u015fturma evrelerinin her a\u015famas\u0131nda \u015f\u00fcpheli\/san\u0131klar i\u00e7in m\u00fcdafilik, m\u00fc\u015fteki\/kat\u0131lanlar i\u00e7in vekillik hizmeti vermekle birlikte, ilk derece mahkemesi ve Yarg\u0131tay nezdinde g\u00f6r\u00fclen davalarda savunman\u0131n haz\u0131rlanmas\u0131 ve duru\u015fmalarda haz\u0131r bulunulmas\u0131 y\u00f6n\u00fcnden takibini titizlikle sa\u011flamaktad\u0131r. Bunlar\u0131n yan\u0131nda Ceza Hukuku\u2019na ili\u015fkin her t\u00fcrl\u00fc [&hellip;]<\/p>\n","protected":false},"author":1,"featured_media":0,"parent":0,"menu_order":0,"comment_status":"closed","ping_status":"closed","template":"","meta":{"footnotes":""},"class_list":["post-637","page","type-page","status-publish","hentry"],"_links":{"self":[{"href":"https:\/\/www.temizogluhukuk.com\/index.php?rest_route=\/wp\/v2\/pages\/637","targetHints":{"allow":["GET"]}}],"collection":[{"href":"https:\/\/www.temizogluhukuk.com\/index.php?rest_route=\/wp\/v2\/pages"}],"about":[{"href":"https:\/\/www.temizogluhukuk.com\/index.php?rest_route=\/wp\/v2\/types\/page"}],"author":[{"embeddable":true,"href":"https:\/\/www.temizogluhukuk.com\/index.php?rest_route=\/wp\/v2\/users\/1"}],"replies":[{"embeddable":true,"href":"https:\/\/www.temizogluhukuk.com\/index.php?rest_route=%2Fwp%2Fv2%2Fcomments&post=637"}],"version-history":[{"count":1,"href":"https:\/\/www.temizogluhukuk.com\/index.php?rest_route=\/wp\/v2\/pages\/637\/revisions"}],"predecessor-version":[{"id":638,"href":"https:\/\/www.temizogluhukuk.com\/index.php?rest_route=\/wp\/v2\/pages\/637\/revisions\/638"}],"wp:attachment":[{"href":"https:\/\/www.temizogluhukuk.com\/index.php?rest_route=%2Fwp%2Fv2%2Fmedia&parent=637"}],"curies":[{"name":"wp","href":"https:\/\/api.w.org\/{rel}","templated":true}]}}