{"id":635,"date":"2020-06-25T13:16:09","date_gmt":"2020-06-25T10:16:09","guid":{"rendered":"http:\/\/www.temizogluhukuk.com\/?page_id=635"},"modified":"2020-06-25T13:16:10","modified_gmt":"2020-06-25T10:16:10","slug":"icra-ve-iflas-hukuku","status":"publish","type":"page","link":"https:\/\/www.temizogluhukuk.com\/?page_id=635","title":{"rendered":"\u0130cra ve \u0130flas Hukuku"},"content":{"rendered":"\n<p>B\u00fcromuzda yerli ve yabanc\u0131 \u015firket ve ger\u00e7ek ki\u015filerin T\u00fcrkiye\u2019deki alacaklar\u0131n\u0131n tahsili i\u00e7in avukatl\u0131k ve dan\u0131\u015fmanl\u0131k hizmeti verilmektedir. Temel prensibimiz, m\u00fcvekkilin alaca\u011f\u0131na en h\u0131zl\u0131, etkili ve en az masrafla kavu\u015fmas\u0131d\u0131r.<\/p>\n\n\n\n<p>Uzman kadromuz taraf\u0131ndan, her t\u00fcrl\u00fc icra ve iflas i\u015flemlerinin uygulanmas\u0131nda icra i\u015flemlerinin ve davalar\u0131n\u0131n takibi ile alacak tahsili, haciz, ihtiyati haciz, rehin, ipotek i\u015flemlerinin yap\u0131lmas\u0131, bor\u00e7lu ve alacakl\u0131 lehine toplant\u0131lara i\u015ftirak edilmesi, iflas talebi veya iflas\u0131n ertelenmesi davalar\u0131n\u0131n takibi hususlar\u0131nda \u015firketlere, kurumlara ve \u015fah\u0131slara dan\u0131\u015fmanl\u0131k ve hukuki hizmet sunulmaktad\u0131r.<\/p>\n\n\n\n<p><strong>\u2013 Genel Haciz Yolu, Kambiyo Senedine Mahsus Alacaklar\u0131n Tahsili, Menkul Rehninin Veya \u0130pote\u011fin Paraya \u00c7evrilmesi, Kiralanan Ta\u015f\u0131nmazlar\u0131n Tahliyesi ve \u0130flas Talep Edilmesi Gibi Takip Yollar\u0131 \u0130le \u0130cra M\u00fcd\u00fcrl\u00fckleri Nezdinde Takip A\u00e7\u0131lmas\u0131<\/strong><\/p>\n\n\n\n<p>Bor\u00e7lar\u0131n\u0131 zaman\u0131nda ve r\u0131zalar\u0131 ile yerine getirmeyen bor\u00e7lulara kar\u015f\u0131; alacakl\u0131lar\u0131n, devlet kuvveti ile alacaklar\u0131na kavu\u015fmalar\u0131na sa\u011flamak i\u00e7in borcun cebren tahsil edilmesidir.<\/p>\n\n\n\n<p>\u0130cra \u0130flas Kanunu\u2019na g\u00f6re \u00f6zel hukuk ili\u015fkilerinden do\u011fan para alacaklar\u0131 (T\u00fcrk liras\u0131 veya d\u00f6viz cinsinden) ve teminat alacaklar\u0131 i\u00e7in alacakl\u0131lar genel haciz yoluna ba\u015fvurabilmektedir. &nbsp;Genel haciz yoluna ba\u015fvurabilmek i\u00e7in alacakl\u0131lar\u0131n elinde belge olmas\u0131 zorunlu olmay\u0131p,<br>elinde adi senet olan, para borcu ikrar\u0131 i\u00e7eren noter senedi bulunan, resmi dairelerce veya yetkili makamlarca yetkileri dahilinde ve usul\u00fcne g\u00f6re verilmi\u015f para alaca\u011f\u0131n\u0131 g\u00f6sterir belge olan alacakl\u0131lar ba\u015fvurabilir. Genel haciz yolunda \u00f6deme s\u00fcresi, \u00f6deme emrinin bor\u00e7luya tebli\u011finden itibaren 7 g\u00fcn olarak belirlenmi\u015f olup bor\u00e7lu \u00fc\u00e7 sebeple icra takibine \u00f6deme emrinin kendisine tebli\u011finden itibaren 7 g\u00fcn i\u00e7erisinde itiraz edebilir. Bu sebepler kanunda, yetkiye itiraz, imzaya itiraz ve borca itiraz olarak say\u0131lm\u0131\u015f olup; bor\u00e7lu bu sebeplerden biri veya birka\u00e7\u0131 ile ilgili icra m\u00fcd\u00fcrl\u00fc\u011f\u00fc\u2019ne giderek icra takibine 7 g\u00fcn i\u00e7erisinde itiraz edebilir.<\/p>\n\n\n\n<p>Alacakl\u0131lar&nbsp; kambiyo senedine (bono,poli\u00e7e,\u00e7ek) ba\u011fl\u0131 alacaklar\u0131n\u0131n tahsili i\u00e7in kambiyo senetlerine mahsus haciz yoluna ba\u015fvurabilir. Kambiyo senetlerine mahsus haciz yolunda \u00f6deme s\u00fcresi genel haciz yolundan farkl\u0131 olarak 10 g\u00fcn olup, ayn\u0131 \u015fekilde mal beyan\u0131nda bulunma s\u00fcresi de genel haciz yolundakinden farkl\u0131 olarak 10 g\u00fcnd\u00fcr. Yine genel haciz yolundan farkl\u0131 olarak, bor\u00e7lu borca ve imzaya itiraz\u0131 icra dairesine de\u011fil 5 g\u00fcn i\u00e7erisinde \u0130cra Mahkemesi\u2019ne yapabilir.<\/p>\n\n\n\n<p>\u0130potek akit tablosu kay\u0131ts\u0131z \u015farts\u0131z bir para borcu ikrar\u0131n\u0131 i\u00e7ermiyorsa, alacakl\u0131n\u0131n ba\u015fvuraca\u011f\u0131 yol, ipote\u011fin paraya \u00e7evrilmesi yolu ile ilams\u0131z takiptir. \u0130pote\u011fin paraya \u00e7evrilmesi yolu ile ilams\u0131z takipte, bor\u00e7luya \u0130cra ve \u0130flas Kanununun 148. maddesine g\u00f6re \u00f6deme emri g\u00f6nderilir. \u0130pote\u011fin paraya \u00e7evrilmesi yolu ile ilaml\u0131 takip ise iki \u015fekilde olabilir. Birincisi, alacak veya ipotek hakk\u0131 veya her ikisi bir ilamda veya ilam niteli\u011finde belgede tespit edilmi\u015f olmas\u0131 halinde ilaml\u0131 takip, ikincisi ise ipotek akit tablosunun kay\u0131ts\u0131z \u015farts\u0131z bir para borcu ikrar\u0131n\u0131 i\u00e7ermesi halinde ilaml\u0131 takiptir.<\/p>\n\n\n\n<p><strong>\u2013 \u0130tiraz\u0131n \u0130ptali Davas\u0131 ve \u0130tiraz\u0131n Kald\u0131r\u0131lmas\u0131<\/strong><\/p>\n\n\n\n<p>Bor\u00e7lunun itiraz\u0131 ile duran ilams\u0131z icra takibine, ilams\u0131z icra prosed\u00fcr\u00fc i\u00e7inde devam edilebilmesi i\u00e7in alacakl\u0131n\u0131n ba\u015fvurabilece\u011fi iki yol bulunmakta olup bunlar; itiraz\u0131n iptali ve itiraz\u0131n kald\u0131r\u0131lmas\u0131 davalar\u0131d\u0131r.<\/p>\n\n\n\n<p>Alacakl\u0131n\u0131n \u0130cra Mahkemesi\u2019ne itiraz\u0131n kald\u0131r\u0131lmas\u0131 davas\u0131 a\u00e7abilmesi i\u00e7in; elinde \u0130\u0130K m.68-68 a bendinde say\u0131lan belgelerden birinin bulunmas\u0131 gerekir. Alacakl\u0131n\u0131n elinde bu belgelerden biri yok ise ba\u015fvurabilece\u011fi yol sadece itiraz\u0131n iptali davas\u0131d\u0131r. Alacakl\u0131n\u0131n elinde \u0130\u0130K m.68-68 a bendinde say\u0131lm\u0131\u015f belgelerden biri var ise bu iki yoldan istedi\u011fine ba\u015fvurabilir. \u0130tiraz\u0131n kald\u0131r\u0131lmas\u0131 yolu itiraz\u0131n iptali davas\u0131na g\u00f6re daha basit ve \u00e7abuk bir yoldur.<\/p>\n\n\n\n<p>\u0130tiraz\u0131n iptali davas\u0131; m\u00fcddeabihi takibe konu olmu\u015f olan ve ard\u0131ndan bor\u00e7lunun bu takibe itiraz etmi\u015f oldu\u011fu alaca\u011f\u0131 konu eden normal bir eda davas\u0131 olup normal bir hukuk davas\u0131 gibi a\u00e7\u0131l\u0131r. G\u00f6revli mahkeme, Hukuk Muhakemeleri Kanunu\u2019na g\u00f6re belirlenir. Alacakl\u0131, itiraz\u0131n kendisine tebli\u011finden itibaren 1 y\u0131l i\u00e7inde itiraz\u0131n iptali davas\u0131 a\u00e7abilir. Bu 1 y\u0131ll\u0131k s\u00fcre hak d\u00fc\u015f\u00fcr\u00fcc\u00fc nitelikte olup, \u015fayet alacakl\u0131 1 y\u0131l i\u00e7inde itiraz\u0131n iptali davas\u0131 a\u00e7maz ise yapt\u0131\u011f\u0131 ilams\u0131z takip d\u00fc\u015fer. \u0130tiraz\u0131n iptali davas\u0131nda her t\u00fcrl\u00fc hukuki delille ispat m\u00fcmk\u00fcnd\u00fcr; yemin, bilirki\u015fi, tan\u0131k delillerine ba\u015fvurulabilir.<\/p>\n\n\n\n<p>\u0130tiraz\u0131n kald\u0131r\u0131lmas\u0131 yoluna sadece elinde \u0130\u0130K m.68-68a da say\u0131lm\u0131\u015f olan belgelerden birisi olan alacakl\u0131lar ba\u015fvurabilir. Bor\u00e7lunun itiraz\u0131n\u0131n alacakl\u0131ya tebli\u011finden itibaren 6 ay i\u00e7inde \u0130cra Mahkemesi\u2019ne a\u00e7\u0131lmal\u0131d\u0131r. \u0130cra Mahkemesi\u2019nin yapt\u0131\u011f\u0131 inceleme itiraz\u0131n iptali davas\u0131nda mahkemenin yapt\u0131\u011f\u0131 incelemeye oranla daha basit ve s\u0131n\u0131rl\u0131d\u0131r. Alacakl\u0131 alaca\u011f\u0131n\u0131 sadece \u0130\u0130K m.68-68a da say\u0131lan belgelerden biri ile ispat edebilir. \u0130cra Mahkemesi\u2019nde tan\u0131k, yemin gibi delillere ba\u015fvurulamaz. Bor\u00e7lu \u00f6deme emrine itiraz ederken itiraz sebeplerini bildirse de bildirmese de, duru\u015fmada sadece bildirmi\u015f oldu\u011fu itiraz sebepleri ile ba\u011fl\u0131d\u0131r. \u0130cra Mahkemesi itiraz\u0131n kesin veya ge\u00e7ici olarak kald\u0131r\u0131lmas\u0131na karar verebilir.<\/p>\n\n\n\n<p><strong>\u2013 Kiralanan Gayrimenkullerin Tahliyesi<\/strong><\/p>\n\n\n\n<p>Birtak\u0131m hakl\u0131 sebeplerin mevcut olmas\u0131 halinde kirac\u0131n\u0131n kiralanan gayrimenkul\u00fc tahliyesi i\u00e7in kiralayan taraf\u0131ndan yap\u0131lan \u00f6zel bir takip yoludur.<\/p>\n\n\n\n<p><strong>\u2013 \u0130htiyati Haciz Karar\u0131 Al\u0131nmas\u0131<\/strong><\/p>\n\n\n\n<p>\u0130htiyati haciz; alacakl\u0131n\u0131n bir para alaca\u011f\u0131n\u0131n zaman\u0131nda \u00f6denmesini g\u00fcvence alt\u0131na almak i\u00e7in bor\u00e7lunun mallar\u0131na ge\u00e7ici olarak el konulmas\u0131d\u0131r. Alacakl\u0131, bor\u00e7lunun borcunu zaman\u0131nda \u00f6deyece\u011finden emin de\u011filse, ilk \u00f6nce bor\u00e7lunun mallar\u0131n\u0131 ihtiyaten haczettirip ondan sonra alacak davas\u0131n\u0131 a\u00e7ar veya icra takibini yapar.<\/p>\n\n\n\n<p>\u0130htiyati haciz talebi i\u00e7in; alaca\u011f\u0131n vadesi gelmi\u015f olmal\u0131 ve alacak bir rehinle temin edilmemi\u015f olmal\u0131d\u0131r.<\/p>\n\n\n\n<p>Ancak bor\u00e7lunun belli bir ikametgah\u0131 bulunmuyorsa veya bor\u00e7lu taahh\u00fctlerinden kurtulmak maksad\u0131 ile mallar\u0131n\u0131 gizlemeye, ka\u00e7\u0131rmaya haz\u0131rlan\u0131yorsa veya bor\u00e7lunun kendisi ka\u00e7maya haz\u0131rlan\u0131yorsa bu iki istisnai halde de vadesi gelmemi\u015f alacak i\u00e7in ihtiyati haciz istenebilmektedir.<\/p>\n\n\n\n<p><strong>\u2013 Menfi Tespit ve \u0130stirdat Davalar\u0131<\/strong><\/p>\n\n\n\n<p>Bor\u00e7lu, icra takibinden \u00f6nce veya takip s\u0131ras\u0131nda bor\u00e7lu bulunmad\u0131\u011f\u0131n\u0131 ispat i\u00e7in menfi tespit davas\u0131 a\u00e7abilir.<\/p>\n\n\n\n<p>\u0130cra takibinden \u00f6nce a\u00e7\u0131lan menfi tespit davas\u0131na bakan mahkeme, talep \u00fczerine alaca\u011f\u0131n y\u00fczde onbe\u015finden a\u015fa\u011f\u0131 olmamak \u00fczere g\u00f6sterilecek teminat mukabilinde, icra takibinin durdurulmas\u0131 hakk\u0131nda ihtiyati tedbir karar\u0131 verebilir.<\/p>\n\n\n\n<p>\u0130cra takibinden sonra a\u00e7\u0131lan menfi tespit davas\u0131nda ihtiyati tedbir yolu ile takibin durdurulmas\u0131na karar verilemez. Ancak, bor\u00e7lu gecikmeden do\u011fan zararlar\u0131 kar\u015f\u0131lamak ve alaca\u011f\u0131n y\u00fczde onbe\u015finden a\u015fa\u011f\u0131 olmamak \u00fczere g\u00f6sterece\u011fi teminat kar\u015f\u0131l\u0131\u011f\u0131nda, mahkemeden ihtiyati tedbir yoluyla icra veznesindeki paran\u0131n alacakl\u0131ya verilmemesini isteyebilir. Bu teminat menfi tespit davas\u0131n\u0131n \u00f6zel \u015fart\u0131d\u0131r.<\/p>\n\n\n\n<p>Maddi hukuk bak\u0131m\u0131ndan ger\u00e7ekte bor\u00e7lu olmayan bir ki\u015fi kendisine g\u00f6nderilen \u00f6deme emrine itiraz etmeyi belirli sebeplerle ihmal etmi\u015f veya itiraz etmesine ra\u011fmen \u0130cra Mahkemesi\u2019nde bor\u00e7lu olmad\u0131\u011f\u0131n\u0131 ispat edememi\u015f, icra takibinden \u00f6nce veya icra takibi s\u0131ras\u0131nda menfi tespit davas\u0131 da a\u00e7mam\u0131\u015f ve bunun sonucunda borcu cebri icra tehdidi alt\u0131nda \u00f6demi\u015f ise \u00f6demi\u015f oldu\u011fu paran\u0131n kendisine geri verilmesi i\u00e7in dava a\u00e7abilir bu davaya istirdat davas\u0131 denir.<\/p>\n\n\n\n<p>Bor\u00e7lunun menfi tespit davas\u0131 a\u00e7m\u0131\u015f olmas\u0131 halinde menfi tespit davas\u0131 sonu\u00e7lanmadan \u00f6nce icra takibi sonunda borcun \u00f6denmesi s\u00f6z konusu olursa menfi tespit davas\u0131na istirdat davas\u0131 olarak devam edilir.<\/p>\n\n\n\n<p>\u0130stirdat davas\u0131n\u0131n takip hukuku bak\u0131m\u0131ndan \u015fart\u0131: takip bor\u00e7lusunun bor\u00e7lu bulunmad\u0131\u011f\u0131 bir paray\u0131 icra takibinin kesinle\u015fmesi nedeniyle cebri icra tehdidi alt\u0131nda \u00f6demek zorunda kalmas\u0131d\u0131r.<\/p>\n\n\n\n<p>Bor\u00e7lu \u00f6deme emrine itiraz s\u00fcresi olan 7 g\u00fcn i\u00e7inde itiraz etmeyerek, borcu \u00f6demi\u015f ise istirdat davas\u0131 a\u00e7amaz. Zira burada itiraz imkan\u0131 oldu\u011fundan cebri icra tehdidi hen\u00fcz yoktur. Bu halde sebepsiz zenginle\u015fme davas\u0131 a\u00e7abilir.<\/p>\n\n\n\n<p><strong>\u2013 \u0130stihkak Davas\u0131<\/strong><\/p>\n\n\n\n<p><strong>\u2013 \u0130flas Davas\u0131 ve Konkordato<\/strong><\/p>\n\n\n\n<p><strong>\u2013 Alacak Davas\u0131<\/strong><\/p>\n","protected":false},"excerpt":{"rendered":"<p>B\u00fcromuzda yerli ve yabanc\u0131 \u015firket ve ger\u00e7ek ki\u015filerin T\u00fcrkiye\u2019deki alacaklar\u0131n\u0131n tahsili i\u00e7in avukatl\u0131k ve dan\u0131\u015fmanl\u0131k hizmeti verilmektedir. Temel prensibimiz, m\u00fcvekkilin alaca\u011f\u0131na en h\u0131zl\u0131, etkili ve en az masrafla kavu\u015fmas\u0131d\u0131r. Uzman kadromuz taraf\u0131ndan, her t\u00fcrl\u00fc icra ve iflas i\u015flemlerinin uygulanmas\u0131nda icra i\u015flemlerinin ve davalar\u0131n\u0131n takibi ile alacak tahsili, haciz, ihtiyati haciz, rehin, ipotek i\u015flemlerinin yap\u0131lmas\u0131, bor\u00e7lu [&hellip;]<\/p>\n","protected":false},"author":1,"featured_media":0,"parent":0,"menu_order":0,"comment_status":"closed","ping_status":"closed","template":"","meta":{"footnotes":""},"class_list":["post-635","page","type-page","status-publish","hentry"],"_links":{"self":[{"href":"https:\/\/www.temizogluhukuk.com\/index.php?rest_route=\/wp\/v2\/pages\/635","targetHints":{"allow":["GET"]}}],"collection":[{"href":"https:\/\/www.temizogluhukuk.com\/index.php?rest_route=\/wp\/v2\/pages"}],"about":[{"href":"https:\/\/www.temizogluhukuk.com\/index.php?rest_route=\/wp\/v2\/types\/page"}],"author":[{"embeddable":true,"href":"https:\/\/www.temizogluhukuk.com\/index.php?rest_route=\/wp\/v2\/users\/1"}],"replies":[{"embeddable":true,"href":"https:\/\/www.temizogluhukuk.com\/index.php?rest_route=%2Fwp%2Fv2%2Fcomments&post=635"}],"version-history":[{"count":1,"href":"https:\/\/www.temizogluhukuk.com\/index.php?rest_route=\/wp\/v2\/pages\/635\/revisions"}],"predecessor-version":[{"id":636,"href":"https:\/\/www.temizogluhukuk.com\/index.php?rest_route=\/wp\/v2\/pages\/635\/revisions\/636"}],"wp:attachment":[{"href":"https:\/\/www.temizogluhukuk.com\/index.php?rest_route=%2Fwp%2Fv2%2Fmedia&parent=635"}],"curies":[{"name":"wp","href":"https:\/\/api.w.org\/{rel}","templated":true}]}}