{"id":633,"date":"2020-06-25T13:11:18","date_gmt":"2020-06-25T10:11:18","guid":{"rendered":"http:\/\/www.temizogluhukuk.com\/?page_id=633"},"modified":"2020-06-25T13:11:18","modified_gmt":"2020-06-25T10:11:18","slug":"gayrimenkul-ve-imar-hukuku","status":"publish","type":"page","link":"https:\/\/www.temizogluhukuk.com\/?page_id=633","title":{"rendered":"Gayrimenkul ve \u0130mar Hukuku"},"content":{"rendered":"\n<p><em><strong>Temizo\u011flu Hukuk;<\/strong><\/em>\u00a0ta\u015f\u0131nmaz mallar\u0131n al\u0131m ve sat\u0131m\u0131, gayrimenkul finansman\u0131, intifa, irtifak, ipotek gibi ayni haklar\u0131n tesis ve terkini gibi gayrimenkul hukukunun bilumum rutin ve di\u011fer i\u015flemlerinin ifas\u0131 i\u00e7in hukuki destek sa\u011flamaktad\u0131r. Ayr\u0131ca bu konularla ilgili olarak m\u00fczakerelerin y\u00fcr\u00fct\u00fclmesi ve s\u00f6zle\u015fmelerin olu\u015fturulmas\u0131 s\u00fcre\u00e7lerinde yer almaktad\u0131r. Kira s\u00f6zle\u015fmelerinin haz\u0131rlanmas\u0131 ve ge\u00e7erlilik s\u00fcresi boyunca y\u00f6netimi konusunda hizmetler vermekteyiz. Bunun yan\u0131 s\u0131ra, gayrimenkul konular\u0131ndan do\u011fan her t\u00fcr hukuki ihtilaflarda da m\u00fcvekkillerimizi temsil etmektedir..<\/p>\n\n\n\n<p><em><strong>Temizo\u011flu Hukuk;<\/strong><\/em>\u00a0taraf\u0131ndan g\u00f6r\u00fclm\u00fc\u015f ve g\u00f6r\u00fclmekte olan dava ve dan\u0131\u015fmanl\u0131k hizmetlerine ili\u015fkin olarak; gayrimenkul\u00fcn hukuki ve imar durumu ile ilgili inceleme yap\u0131lmas\u0131, imar uygulamalar\u0131ndan kaynaklanan davalar\u0131n takibi, ulusal ve uluslararas\u0131 in\u015faat projelerinde proje a\u015famas\u0131nda dan\u0131\u015fmanl\u0131k hizmeti sunulmas\u0131, gayrimenkule ili\u015fkin tapu iptali, idarenin i\u015flemlerine kar\u015f\u0131 y\u00fcr\u00fct\u00fclen dava takip i\u015flemleri, gayrimenkul sat\u0131\u015f vaadi, in\u015faat, has\u0131lat payla\u015f\u0131m\u0131 ve ta\u015feron s\u00f6zle\u015fmelerinin haz\u0131rlanmas\u0131, t\u00fcketici kanunu kapsam\u0131na giren ta\u015f\u0131nmazlarla ilgili dan\u0131\u015fmanl\u0131k verilmesi ve sonras\u0131nda davalar\u0131n takip edilmesi, gayrimenkul hukukuna ili\u015fkin sorulan sorulara y\u00f6nelik hukuki m\u00fctalaa ve bilgi notu haz\u0131rlanmas\u0131 hizmetleri vermektedir.<\/p>\n","protected":false},"excerpt":{"rendered":"<p>Temizo\u011flu Hukuk;\u00a0ta\u015f\u0131nmaz mallar\u0131n al\u0131m ve sat\u0131m\u0131, gayrimenkul finansman\u0131, intifa, irtifak, ipotek gibi ayni haklar\u0131n tesis ve terkini gibi gayrimenkul hukukunun bilumum rutin ve di\u011fer i\u015flemlerinin ifas\u0131 i\u00e7in hukuki destek sa\u011flamaktad\u0131r. Ayr\u0131ca bu konularla ilgili olarak m\u00fczakerelerin y\u00fcr\u00fct\u00fclmesi ve s\u00f6zle\u015fmelerin olu\u015fturulmas\u0131 s\u00fcre\u00e7lerinde yer almaktad\u0131r. Kira s\u00f6zle\u015fmelerinin haz\u0131rlanmas\u0131 ve ge\u00e7erlilik s\u00fcresi boyunca y\u00f6netimi konusunda hizmetler vermekteyiz. Bunun [&hellip;]<\/p>\n","protected":false},"author":1,"featured_media":0,"parent":0,"menu_order":0,"comment_status":"closed","ping_status":"closed","template":"","meta":{"footnotes":""},"class_list":["post-633","page","type-page","status-publish","hentry"],"_links":{"self":[{"href":"https:\/\/www.temizogluhukuk.com\/index.php?rest_route=\/wp\/v2\/pages\/633","targetHints":{"allow":["GET"]}}],"collection":[{"href":"https:\/\/www.temizogluhukuk.com\/index.php?rest_route=\/wp\/v2\/pages"}],"about":[{"href":"https:\/\/www.temizogluhukuk.com\/index.php?rest_route=\/wp\/v2\/types\/page"}],"author":[{"embeddable":true,"href":"https:\/\/www.temizogluhukuk.com\/index.php?rest_route=\/wp\/v2\/users\/1"}],"replies":[{"embeddable":true,"href":"https:\/\/www.temizogluhukuk.com\/index.php?rest_route=%2Fwp%2Fv2%2Fcomments&post=633"}],"version-history":[{"count":1,"href":"https:\/\/www.temizogluhukuk.com\/index.php?rest_route=\/wp\/v2\/pages\/633\/revisions"}],"predecessor-version":[{"id":634,"href":"https:\/\/www.temizogluhukuk.com\/index.php?rest_route=\/wp\/v2\/pages\/633\/revisions\/634"}],"wp:attachment":[{"href":"https:\/\/www.temizogluhukuk.com\/index.php?rest_route=%2Fwp%2Fv2%2Fmedia&parent=633"}],"curies":[{"name":"wp","href":"https:\/\/api.w.org\/{rel}","templated":true}]}}