{"id":515,"date":"2020-06-11T13:35:56","date_gmt":"2020-06-11T10:35:56","guid":{"rendered":"http:\/\/www.temizogluhukuk.com\/?page_id=515"},"modified":"2020-06-11T13:40:32","modified_gmt":"2020-06-11T10:40:32","slug":"danismanlik-hizmetleri","status":"publish","type":"page","link":"https:\/\/www.temizogluhukuk.com\/?page_id=515","title":{"rendered":"Dan\u0131\u015fmanl\u0131k hizmetleri"},"content":{"rendered":"\n<p>Avukat\u0131n, m\u00fcvekkillerini, mahkemelerde savunma g\u00f6revinin yan\u0131 s\u0131ra, hukuki sorunlar\u0131n \u00e7\u00f6z\u00fcm\u00fc konusunda m\u00fcvekkillere g\u00f6r\u00fc\u015f bildirme, ba\u015fka bir deyimle, \u2018dan\u0131\u015fmanl\u0131k\u2019 g\u00f6revi vard\u0131r. Dan\u0131\u015fma, i\u015f sahibinin, hukuksal sorunu konusunda, \u00fccret kar\u015f\u0131l\u0131\u011f\u0131nda, baroda kay\u0131tl\u0131 avukat\u0131n yaz\u0131l\u0131 veya s\u00f6zl\u00fc d\u00fc\u015f\u00fcncesini almas\u0131d\u0131r. Uygulamada yaz\u0131l\u0131 dan\u0131\u015fmaya m\u00fctalaa, s\u00f6zl\u00fc dan\u0131\u015fmaya ise isti\u015fare denmektedir.<\/p>\n\n\n\n<p>Avukat, dan\u0131\u015fma ile m\u00fcvekkiline do\u011fru karar vermesi i\u00e7in hukuki problemin alternatif \u00e7\u00f6z\u00fcm yollar\u0131n\u0131, her bir alternatifin yarar ve sak\u0131ncalar\u0131n\u0131 g\u00f6sterir. Uyu\u015fmazl\u0131\u011f\u0131n, zorunluluk olmad\u0131k\u00e7a davaya d\u00f6n\u00fc\u015fmesini ve gereksiz \u00e7eki\u015fmeleri \u00f6nler. Bu y\u00f6nden, avukat\u0131n dan\u0131\u015fmanl\u0131k g\u00f6revi, en az mahkemedeki savunma g\u00f6revi kadar \u00f6nemlidir. De\u011fi\u015fen toplumun hukuk alan\u0131ndaki ihtiya\u00e7 ve ihtilaflar\u0131 i\u00e7inde \u201chukuki dan\u0131\u015fmanl\u0131k\u201d hizmetleri sadece para piyasalar\u0131n\u0131n geli\u015fti\u011fi, yeni hukuksal ara\u00e7 ve kavramlar\u0131n yarat\u0131ld\u0131\u011f\u0131, para-kredi ili\u015fkilerinin kompleks hale geldi\u011fi g\u00fcn\u00fcm\u00fczde, art\u0131k i\u015f sahipleri ve \u015firketler; hukuksal sorunlar\u0131, uyu\u015fmazl\u0131k \u00e7\u0131kmadan \u00f6ng\u00f6rebilme ve olabiliyorsa \u00e7\u00f6zme aray\u0131\u015f\u0131na girmi\u015ftir. \u015eirketler taraf\u0131ndan, contract analist, contract manager, hukuk m\u00fc\u015faviri gibi \u00fcnvanlar ile, dan\u0131\u015fman hukuk\u00e7u istihdam\u0131 yayg\u0131nla\u015fm\u0131\u015f, i\u015f d\u00fcnyas\u0131nda; hukuk\u00e7unun g\u00f6revinin uyu\u015fmazl\u0131kta oldu\u011fu anlay\u0131\u015f\u0131 terk edilmeye ba\u015flam\u0131\u015ft\u0131r.<\/p>\n\n\n\n<p>Dan\u0131\u015fmadan verim al\u0131nabilmesi i\u00e7in, avukat\/dan\u0131\u015fman-m\u00fcvekkil g\u00f6r\u00fc\u015fmesinin profesyonel bir disiplin i\u00e7inde yap\u0131lmas\u0131 gerekir, aksine davran\u0131\u015f, m\u00fcvekkilin hukukunu olumsuz etkileyecek yanl\u0131\u015f m\u00fctalaalar vermesine yol a\u00e7abilece\u011fi gibi, avukatl\u0131k mesle\u011fine olan g\u00fcveni sarsacak sonu\u00e7lar da do\u011furabilecektir.<\/p>\n\n\n\n<p>Avukat\u0131n, di\u011fer mesleki faaliyetlerde oldu\u011fu gibi dan\u0131\u015fma g\u00f6revinin yap\u0131lmas\u0131nda da, meslek kurallar\u0131 \u00e7er\u00e7evesinde hareket etme y\u00fck\u00fcml\u00fcl\u00fc\u011f\u00fc vard\u0131r. Bu a\u00e7\u0131lardan b\u00fcromuz, kuruldu\u011fu g\u00fcnden bu yana, y\u0131llard\u0131r alan\u0131nda uzman hukuk\u00e7ulardan olu\u015fan ekibi ile birlikte \u00e7al\u0131\u015fmalar\u0131n\u0131 s\u00fcrd\u00fcrmektedir. B\u00fcromuz faaliyet alanlar\u0131 i\u00e7erisinde, talep edilen hizmet y\u00f6n\u00fcnden alan\u0131nda uzman avukatlarla hukuki dan\u0131\u015fmanl\u0131k, davalar\u0131n takibi ve her t\u00fcrl\u00fc hukuk hizmetin verilmesi ve y\u00fcr\u00fct\u00fclmesi a\u015famas\u0131nda sizlere en iyi hizmeti vermeyi kendine ama\u00e7 edinmi\u015ftir.<\/p>\n\n\n\n<p>Temel anlay\u0131\u015f\u0131m\u0131z etkili,&nbsp; sonu\u00e7 etkili ve h\u0131zl\u0131 olarak hukuki hizmetlerin verilmesidir. Gerek yerli ve gerekse yabanc\u0131 \u015firketlere, Ticaret Hukuku, Bor\u00e7lar Hukuku, S\u00f6zle\u015fmeler Hukuku, \u0130dare Hukuku, Kentsel D\u00f6n\u00fc\u015f\u00fcm Hukuku, \u0130n\u015faat Hukuku, \u0130mar Hukuku, \u0130\u015f Hukuku ba\u015fta olmak \u00fczere genel hukuki konularda dava ve i\u015f takibi ile dan\u0131\u015fmanl\u0131k hizmetleri eksiksiz \u015fekilde sunmaktad\u0131r.<\/p>\n\n\n\n<p>Dan\u0131\u015fmanl\u0131k hizmetleri, uzman avukatlarla \u00fclkemizdeki in\u015faat \u015firketlerine, gayrimenkul yat\u0131r\u0131mc\u0131lar\u0131na, enerji \u015firketlerine ve T\u00fcrkiye\u2019de yat\u0131r\u0131m yapan yabanc\u0131 \u015firketlere sa\u011flanmaktad\u0131r. Bu do\u011frultuda dan\u0131\u015fmanl\u0131k yapt\u0131\u011f\u0131 \u015firketler ve kurulu\u015flar i\u00e7in gayrimenkul al\u0131m i\u015flemleri, in\u015faat yap\u0131m\u0131, imar ve yap\u0131la\u015fma i\u015fleri ile gayrimenkul sat\u0131\u015f i\u015flemleri konusunda gerekli t\u00fcm s\u00f6zle\u015fmelerin haz\u0131rlanmas\u0131 ile hukuki konular\u0131n incelenmesi i\u015flemleri \u00fcstlenilmektedir<\/p>\n\n\n\n<p>\u0130leride ya\u015fanacak uyu\u015fmazl\u0131klar\u0131 en aza indirmek i\u00e7in i\u015fin ba\u015f\u0131nda, taraflar aras\u0131nda kar\u015f\u0131l\u0131kl\u0131 taahh\u00fct ve haklar\u0131 ayr\u0131nt\u0131l\u0131 d\u00fczenleyen s\u00f6zle\u015fmelerin yap\u0131lmas\u0131 b\u00fcy\u00fck \u00f6nem arz etmektedir. Bu nedenle arsa pay\u0131 kar\u015f\u0131l\u0131\u011f\u0131 in\u015faat s\u00f6zle\u015fmeleri veya has\u0131lat payla\u015f\u0131ml\u0131 in\u015faat yap\u0131m s\u00f6zle\u015fmeleri, ta\u015feron s\u00f6zle\u015fmeleri ve mimari proje s\u00f6zle\u015fmeleri her i\u015fe \u00f6zel olarak B\u00fcromuz uzman avukatlar\u0131 ve \u00fcniversiteden akademisyenler taraf\u0131ndan haz\u0131rlanmaktad\u0131r.<\/p>\n\n\n\n<p>Gerek i\u015f hayat\u0131nda gerekse de sosyal ya\u015fam i\u00e7erisinde olu\u015fabilecek veya olu\u015fmu\u015f olan ma\u011fduriyet ve hak kay\u0131plar\u0131n\u0131n m\u00fcmk\u00fcn olan en aza indirgenmesi yahut hi\u00e7 ya\u015fanmamas\u0131, meydana gelen kay\u0131plara kar\u015f\u0131 ise zararlar\u0131 ortadan kald\u0131r\u0131c\u0131 h\u0131zl\u0131, pratik, bilimsel, ekonomik ve ak\u0131lc\u0131 \u00e7\u00f6z\u00fcmler uzman kadromuzdaki yetkin avukatlar ile sunulmaktad\u0131r.<\/p>\n","protected":false},"excerpt":{"rendered":"<p>Avukat\u0131n, m\u00fcvekkillerini, mahkemelerde savunma g\u00f6revinin yan\u0131 s\u0131ra, hukuki sorunlar\u0131n \u00e7\u00f6z\u00fcm\u00fc konusunda m\u00fcvekkillere g\u00f6r\u00fc\u015f bildirme, ba\u015fka bir deyimle, \u2018dan\u0131\u015fmanl\u0131k\u2019 g\u00f6revi vard\u0131r. Dan\u0131\u015fma, i\u015f sahibinin, hukuksal sorunu konusunda, \u00fccret kar\u015f\u0131l\u0131\u011f\u0131nda, baroda kay\u0131tl\u0131 avukat\u0131n yaz\u0131l\u0131 veya s\u00f6zl\u00fc d\u00fc\u015f\u00fcncesini almas\u0131d\u0131r. Uygulamada yaz\u0131l\u0131 dan\u0131\u015fmaya m\u00fctalaa, s\u00f6zl\u00fc dan\u0131\u015fmaya ise isti\u015fare denmektedir. Avukat, dan\u0131\u015fma ile m\u00fcvekkiline do\u011fru karar vermesi i\u00e7in hukuki problemin [&hellip;]<\/p>\n","protected":false},"author":1,"featured_media":0,"parent":0,"menu_order":0,"comment_status":"closed","ping_status":"closed","template":"","meta":{"footnotes":""},"class_list":["post-515","page","type-page","status-publish","hentry"],"_links":{"self":[{"href":"https:\/\/www.temizogluhukuk.com\/index.php?rest_route=\/wp\/v2\/pages\/515","targetHints":{"allow":["GET"]}}],"collection":[{"href":"https:\/\/www.temizogluhukuk.com\/index.php?rest_route=\/wp\/v2\/pages"}],"about":[{"href":"https:\/\/www.temizogluhukuk.com\/index.php?rest_route=\/wp\/v2\/types\/page"}],"author":[{"embeddable":true,"href":"https:\/\/www.temizogluhukuk.com\/index.php?rest_route=\/wp\/v2\/users\/1"}],"replies":[{"embeddable":true,"href":"https:\/\/www.temizogluhukuk.com\/index.php?rest_route=%2Fwp%2Fv2%2Fcomments&post=515"}],"version-history":[{"count":1,"href":"https:\/\/www.temizogluhukuk.com\/index.php?rest_route=\/wp\/v2\/pages\/515\/revisions"}],"predecessor-version":[{"id":516,"href":"https:\/\/www.temizogluhukuk.com\/index.php?rest_route=\/wp\/v2\/pages\/515\/revisions\/516"}],"wp:attachment":[{"href":"https:\/\/www.temizogluhukuk.com\/index.php?rest_route=%2Fwp%2Fv2%2Fmedia&parent=515"}],"curies":[{"name":"wp","href":"https:\/\/api.w.org\/{rel}","templated":true}]}}