{"id":511,"date":"2020-06-11T13:31:35","date_gmt":"2020-06-11T10:31:35","guid":{"rendered":"http:\/\/www.temizogluhukuk.com\/?page_id=511"},"modified":"2020-06-11T13:31:36","modified_gmt":"2020-06-11T10:31:36","slug":"is-hukuku-hizmetleri","status":"publish","type":"page","link":"https:\/\/www.temizogluhukuk.com\/?page_id=511","title":{"rendered":"\u0130\u015f Hukuku Hizmetleri"},"content":{"rendered":"\n<p>Temizo\u011flu, \u015eirketler\u00a0 Hukuku alan\u0131nda, yerli ve yabanc\u0131 \u015firketlerin kurulu\u015f, infisah,\u00a0 birle\u015fme\/devralma ve t\u00fcr de\u011fi\u015ftirme i\u015flemlerinde uzmanla\u015fm\u0131\u015ft\u0131r. <\/p>\n\n\n\n<h3 class=\"wp-block-heading\">Temizo\u011flu taraf\u0131ndan\u00a0 \u015eirketler Hukuku alan\u0131nda verilen hizmetlerden baz\u0131lar\u0131:<\/h3>\n\n\n\n<ul class=\"wp-block-list\"><li>\u015eirket genel kurul&nbsp; toplant\u0131lar\u0131n\u0131n yap\u0131lmas\u0131<\/li><li>Sermaye&nbsp; art\u0131r\u0131mlar\u0131\/indirimleri<\/li><li>Sermaye piyasas\u0131&nbsp; mevzuat\u0131 kapsam\u0131nda dan\u0131\u015fmanl\u0131k<\/li><li>Haks\u0131z rekabetin&nbsp; \u00f6nlenmesi, t\u00fcketici mevzuat\u0131 kapsam\u0131nda dan\u0131\u015fmanl\u0131k<\/li><li>\u0130rtibat b\u00fcrolar\u0131n\u0131n kurulmas\u0131<\/li><li>Hisse senetleri ve&nbsp; tahvillerle ilgili i\u015flemler<\/li><li>Hukuki durum&nbsp; tespit raporlamas\u0131 (Due Diligence)<\/li><\/ul>\n","protected":false},"excerpt":{"rendered":"<p>Temizo\u011flu, \u015eirketler\u00a0 Hukuku alan\u0131nda, yerli ve yabanc\u0131 \u015firketlerin kurulu\u015f, infisah,\u00a0 birle\u015fme\/devralma ve t\u00fcr de\u011fi\u015ftirme i\u015flemlerinde uzmanla\u015fm\u0131\u015ft\u0131r. Temizo\u011flu taraf\u0131ndan\u00a0 \u015eirketler Hukuku alan\u0131nda verilen hizmetlerden baz\u0131lar\u0131: \u015eirket genel kurul&nbsp; toplant\u0131lar\u0131n\u0131n yap\u0131lmas\u0131 Sermaye&nbsp; art\u0131r\u0131mlar\u0131\/indirimleri Sermaye piyasas\u0131&nbsp; mevzuat\u0131 kapsam\u0131nda dan\u0131\u015fmanl\u0131k Haks\u0131z rekabetin&nbsp; \u00f6nlenmesi, t\u00fcketici mevzuat\u0131 kapsam\u0131nda dan\u0131\u015fmanl\u0131k \u0130rtibat b\u00fcrolar\u0131n\u0131n kurulmas\u0131 Hisse senetleri ve&nbsp; tahvillerle ilgili i\u015flemler Hukuki durum&nbsp; tespit [&hellip;]<\/p>\n","protected":false},"author":1,"featured_media":0,"parent":0,"menu_order":0,"comment_status":"closed","ping_status":"closed","template":"","meta":{"footnotes":""},"class_list":["post-511","page","type-page","status-publish","hentry"],"_links":{"self":[{"href":"https:\/\/www.temizogluhukuk.com\/index.php?rest_route=\/wp\/v2\/pages\/511","targetHints":{"allow":["GET"]}}],"collection":[{"href":"https:\/\/www.temizogluhukuk.com\/index.php?rest_route=\/wp\/v2\/pages"}],"about":[{"href":"https:\/\/www.temizogluhukuk.com\/index.php?rest_route=\/wp\/v2\/types\/page"}],"author":[{"embeddable":true,"href":"https:\/\/www.temizogluhukuk.com\/index.php?rest_route=\/wp\/v2\/users\/1"}],"replies":[{"embeddable":true,"href":"https:\/\/www.temizogluhukuk.com\/index.php?rest_route=%2Fwp%2Fv2%2Fcomments&post=511"}],"version-history":[{"count":1,"href":"https:\/\/www.temizogluhukuk.com\/index.php?rest_route=\/wp\/v2\/pages\/511\/revisions"}],"predecessor-version":[{"id":512,"href":"https:\/\/www.temizogluhukuk.com\/index.php?rest_route=\/wp\/v2\/pages\/511\/revisions\/512"}],"wp:attachment":[{"href":"https:\/\/www.temizogluhukuk.com\/index.php?rest_route=%2Fwp%2Fv2%2Fmedia&parent=511"}],"curies":[{"name":"wp","href":"https:\/\/api.w.org\/{rel}","templated":true}]}}