{"id":509,"date":"2020-06-11T13:30:39","date_gmt":"2020-06-11T10:30:39","guid":{"rendered":"http:\/\/www.temizogluhukuk.com\/?page_id=509"},"modified":"2020-06-11T13:30:41","modified_gmt":"2020-06-11T10:30:41","slug":"aile-hukuku-hizmetleri","status":"publish","type":"page","link":"https:\/\/www.temizogluhukuk.com\/?page_id=509","title":{"rendered":"Aile Hukuku hizmetleri"},"content":{"rendered":"\n<p>Temzio\u011flu , gerek T\u00fcrk vatanda\u015flar\u0131 gerekse T\u00fcrk vatanda\u015f\u0131 ve yabanc\u0131lar aras\u0131ndaki evlenme, ni\u015fanlanma, bo\u015fanma, nafaka y\u00fck\u00fcml\u00fcl\u00fckleri, velayet, e\u015fler aras\u0131ndaki mal rejimleri, h\u0131s\u0131ml\u0131k, soyba\u011f\u0131 kurulmas\u0131, evlat edinme, \u00e7ocuk mallar\u0131, aile mallar\u0131 ile vesayet gibi konularda aile hukukundan do\u011fan ihtilaflar\u0131n mahkeme \u00f6n\u00fcnde \u00e7\u00f6z\u00fcm\u00fcnde ve taraflar aras\u0131nda protokol d\u00fczenlenmesinde m\u00fcvekkillerine Medeni Kanun, Hukuk Muhakemeleri Kanunu ve ilgili milletleraras\u0131 s\u00f6zle\u015fme ve kanunlarda yer alan h\u00fck\u00fcmler \u00e7er\u00e7evesinde \u00f6zel hayat\u0131n gizlili\u011fine b\u00fcy\u00fck \u00f6zen ve dikkat g\u00f6stererek hizmet verir.<\/p>\n\n\n\n<h3 class=\"wp-block-heading\"> <br>Temzio\u011flu   taraf\u0131ndan Aile Hukuku alan\u0131nda verilen hizmetlerden baz\u0131lar\u0131 \u015funlard\u0131r:<\/h3>\n\n\n\n<ul class=\"wp-block-list\"><li>Bo\u015fanma ve soyba\u011f\u0131 davalar\u0131n\u0131n y\u00fcr\u00fct\u00fclmesi,<\/li><li>Anla\u015fmal\u0131 bo\u015fanmalarda protokol d\u00fczenlenmesi ve y\u00fcr\u00fct\u00fclmesi,<\/li><li>\u00c7eki\u015fmeli bo\u015fanma davalar\u0131nda maddi ve manevi tazminat taleplerinin sunulmas\u0131,<\/li><li>Bo\u015fanmadan sonra mal varl\u0131\u011f\u0131 tasfiyesinin y\u00fcr\u00fct\u00fclmesi,<\/li><li>Velayet ve nafaka h\u00fck\u00fcmlerine ayk\u0131r\u0131 davran\u0131lmas\u0131na kar\u015f\u0131 hukuki \u00e7\u00f6z\u00fcm yollar\u0131 \u00fcretilmesi,<\/li><li>Aile i\u00e7i \u015fiddet ve benzeri hallerde tedbir karar\u0131 al\u0131nmas\u0131,<\/li><li>Evlat edinmeden kaynaklanan uyu\u015fmazl\u0131klar\u0131n \u00e7\u00f6z\u00fcm\u00fc,<\/li><li>Evlenecek taraflar aras\u0131nda yap\u0131lacak malvarl\u0131\u011f\u0131 s\u00f6zle\u015fmeleri hakk\u0131nda dan\u0131\u015fmanl\u0131k hizmeti sa\u011flanmas\u0131,<\/li><li>Ni\u015fanlanman\u0131n sona ermesinden kaynaklanan ihtilaflar\u0131n \u00e7\u00f6z\u00fclmesi,<\/li><li>Aile Mahkemelerinde g\u00f6r\u00fclen t\u00fcm uyu\u015fmazl\u0131klar\u0131n \u00e7\u00f6z\u00fcm\u00fc,<\/li><li>Aile hukuku alan\u0131nda t\u00fcm mevzuat\u0131n g\u00fcncelli\u011finin takibi.<\/li><\/ul>\n","protected":false},"excerpt":{"rendered":"<p>Temzio\u011flu , gerek T\u00fcrk vatanda\u015flar\u0131 gerekse T\u00fcrk vatanda\u015f\u0131 ve yabanc\u0131lar aras\u0131ndaki evlenme, ni\u015fanlanma, bo\u015fanma, nafaka y\u00fck\u00fcml\u00fcl\u00fckleri, velayet, e\u015fler aras\u0131ndaki mal rejimleri, h\u0131s\u0131ml\u0131k, soyba\u011f\u0131 kurulmas\u0131, evlat edinme, \u00e7ocuk mallar\u0131, aile mallar\u0131 ile vesayet gibi konularda aile hukukundan do\u011fan ihtilaflar\u0131n mahkeme \u00f6n\u00fcnde \u00e7\u00f6z\u00fcm\u00fcnde ve taraflar aras\u0131nda protokol d\u00fczenlenmesinde m\u00fcvekkillerine Medeni Kanun, Hukuk Muhakemeleri Kanunu ve ilgili milletleraras\u0131 [&hellip;]<\/p>\n","protected":false},"author":1,"featured_media":0,"parent":0,"menu_order":0,"comment_status":"closed","ping_status":"closed","template":"","meta":{"footnotes":""},"class_list":["post-509","page","type-page","status-publish","hentry"],"_links":{"self":[{"href":"https:\/\/www.temizogluhukuk.com\/index.php?rest_route=\/wp\/v2\/pages\/509","targetHints":{"allow":["GET"]}}],"collection":[{"href":"https:\/\/www.temizogluhukuk.com\/index.php?rest_route=\/wp\/v2\/pages"}],"about":[{"href":"https:\/\/www.temizogluhukuk.com\/index.php?rest_route=\/wp\/v2\/types\/page"}],"author":[{"embeddable":true,"href":"https:\/\/www.temizogluhukuk.com\/index.php?rest_route=\/wp\/v2\/users\/1"}],"replies":[{"embeddable":true,"href":"https:\/\/www.temizogluhukuk.com\/index.php?rest_route=%2Fwp%2Fv2%2Fcomments&post=509"}],"version-history":[{"count":1,"href":"https:\/\/www.temizogluhukuk.com\/index.php?rest_route=\/wp\/v2\/pages\/509\/revisions"}],"predecessor-version":[{"id":510,"href":"https:\/\/www.temizogluhukuk.com\/index.php?rest_route=\/wp\/v2\/pages\/509\/revisions\/510"}],"wp:attachment":[{"href":"https:\/\/www.temizogluhukuk.com\/index.php?rest_route=%2Fwp%2Fv2%2Fmedia&parent=509"}],"curies":[{"name":"wp","href":"https:\/\/api.w.org\/{rel}","templated":true}]}}