{"id":507,"date":"2020-06-11T13:29:02","date_gmt":"2020-06-11T10:29:02","guid":{"rendered":"http:\/\/www.temizogluhukuk.com\/?page_id=507"},"modified":"2020-06-11T13:29:04","modified_gmt":"2020-06-11T10:29:04","slug":"arabuluculuk-hizmetleri","status":"publish","type":"page","link":"https:\/\/www.temizogluhukuk.com\/?page_id=507","title":{"rendered":"Arabuluculuk hizmetleri"},"content":{"rendered":"\n<p>Arabuluculuk Daire Ba\u015fkanl\u0131\u011f\u0131 siciline ba\u011fl\u0131 olarak \u00e7al\u0131\u015fan \u2013 uzman arabulucu kadrosu ile a\u015fa\u011f\u0131daki hususlarda gerek m\u00fcvekkillerimize ait taraf vekilli\u011fi gerekse de ihtiyari arabuluculuk hizmeti vermektedir.<\/p>\n\n\n\n<ul class=\"wp-block-list\"><li>\u0130\u015f\u00e7i-i\u015fveren uyu\u015fmazl\u0131klar\u0131&nbsp;<\/li><li>Telif haklar\u0131ndan kaynaklanan tazminat ve alacak<\/li><li>Maddi-manevi tazminat<\/li><li>Bor\u00e7-alacak ili\u015fkisi&nbsp;<\/li><li>Sigorta koop.sorumlulu\u011fu &#8211; zarar tazmini&nbsp;<\/li><li>Mal rejimi&nbsp;<\/li><li>Nafaka&nbsp;<\/li><li>Kira alaca\u011f\u0131&nbsp;<\/li><li>Zarar tazmini&nbsp;<\/li><li>Kat kar\u015f\u0131l\u0131\u011f\u0131 in\u015faat s\u00f6zle\u015fmesinden kaynaklanan uyu\u015fmazl\u0131k&nbsp;<\/li><li>Hisse devri<\/li><li>S\u00f6zle\u015fmeden kaynaklanan uyu\u015fmazl\u0131klar&nbsp;<\/li><li>Miras taksimi&nbsp;<\/li><li>Ortakl\u0131\u011f\u0131n feshi&nbsp;<\/li><li>Tahliye&nbsp;<\/li><li>Tapu iptali ve tescil<\/li><li>\u00d6n al\u0131m hakk\u0131n\u0131n kullan\u0131lmas\u0131&nbsp;<\/li><li>Ta\u015f\u0131nmaz taksimi&nbsp;<\/li><li>Kat m\u00fclkiyetinden kaynaklanan uyu\u015fmazl\u0131k&nbsp;<\/li><li>Ta\u015f\u0131nmaz devri&nbsp;<\/li><li>Ticari ortakl\u0131ktan ayr\u0131lma&nbsp;<\/li><li>Yabanc\u0131l\u0131k unsuru ta\u015f\u0131yan uyu\u015fmazl\u0131klar&nbsp;<\/li><li>Yerine getirme&nbsp;<\/li><li>Ta\u015f\u0131n\u0131r devri&nbsp;<\/li><li>T\u00fcketici hukukundan kaynakalanan uyu\u015fmazl\u0131k&nbsp;<\/li><li>Aile hukuku (ni\u015fan bozulmas\u0131)&nbsp;<\/li><li>Ecrimisil &#8211; meni m\u00fcdahale 1 telif haklar\u0131ndan kaynaklanan tazminat ve alacak<\/li><li>Haks\u0131z el atman\u0131n \u00f6nlenmesi &#8211; eski haline getirme&nbsp;<\/li><li>Maddi-manevi tazminat&nbsp;<\/li><li>Kat\u0131lma alaca\u011f\u0131&nbsp;<\/li><li>Ta\u015f\u0131n\u0131r iadesi&nbsp;<\/li><li>Tazminat ihtilaf\u0131n\u0131n giderilmesi&nbsp;<\/li><li>Di\u011fer davalar&nbsp; (kamu d\u00fczenini ilgilendirmeyen ve cebri icraya elveri\u015fli konularda )&nbsp;<\/li><\/ul>\n","protected":false},"excerpt":{"rendered":"<p>Arabuluculuk Daire Ba\u015fkanl\u0131\u011f\u0131 siciline ba\u011fl\u0131 olarak \u00e7al\u0131\u015fan \u2013 uzman arabulucu kadrosu ile a\u015fa\u011f\u0131daki hususlarda gerek m\u00fcvekkillerimize ait taraf vekilli\u011fi gerekse de ihtiyari arabuluculuk hizmeti vermektedir. \u0130\u015f\u00e7i-i\u015fveren uyu\u015fmazl\u0131klar\u0131&nbsp; Telif haklar\u0131ndan kaynaklanan tazminat ve alacak Maddi-manevi tazminat Bor\u00e7-alacak ili\u015fkisi&nbsp; Sigorta koop.sorumlulu\u011fu &#8211; zarar tazmini&nbsp; Mal rejimi&nbsp; Nafaka&nbsp; Kira alaca\u011f\u0131&nbsp; Zarar tazmini&nbsp; Kat kar\u015f\u0131l\u0131\u011f\u0131 in\u015faat s\u00f6zle\u015fmesinden kaynaklanan uyu\u015fmazl\u0131k&nbsp; [&hellip;]<\/p>\n","protected":false},"author":1,"featured_media":0,"parent":0,"menu_order":0,"comment_status":"closed","ping_status":"closed","template":"","meta":{"footnotes":""},"class_list":["post-507","page","type-page","status-publish","hentry"],"_links":{"self":[{"href":"https:\/\/www.temizogluhukuk.com\/index.php?rest_route=\/wp\/v2\/pages\/507","targetHints":{"allow":["GET"]}}],"collection":[{"href":"https:\/\/www.temizogluhukuk.com\/index.php?rest_route=\/wp\/v2\/pages"}],"about":[{"href":"https:\/\/www.temizogluhukuk.com\/index.php?rest_route=\/wp\/v2\/types\/page"}],"author":[{"embeddable":true,"href":"https:\/\/www.temizogluhukuk.com\/index.php?rest_route=\/wp\/v2\/users\/1"}],"replies":[{"embeddable":true,"href":"https:\/\/www.temizogluhukuk.com\/index.php?rest_route=%2Fwp%2Fv2%2Fcomments&post=507"}],"version-history":[{"count":1,"href":"https:\/\/www.temizogluhukuk.com\/index.php?rest_route=\/wp\/v2\/pages\/507\/revisions"}],"predecessor-version":[{"id":508,"href":"https:\/\/www.temizogluhukuk.com\/index.php?rest_route=\/wp\/v2\/pages\/507\/revisions\/508"}],"wp:attachment":[{"href":"https:\/\/www.temizogluhukuk.com\/index.php?rest_route=%2Fwp%2Fv2%2Fmedia&parent=507"}],"curies":[{"name":"wp","href":"https:\/\/api.w.org\/{rel}","templated":true}]}}